{"id":110794,"date":"2021-11-16T17:05:58","date_gmt":"2021-11-16T23:05:58","guid":{"rendered":"http:\/\/www.sporthiva.com\/?page_id=110794"},"modified":"2021-11-16T17:05:58","modified_gmt":"2021-11-16T23:05:58","slug":"holanda-se-clasifica-al-mundial-turquia-disputara-la-repesca","status":"publish","type":"page","link":"http:\/\/www.sporthiva.com\/index.php\/holanda-se-clasifica-al-mundial-turquia-disputara-la-repesca\/","title":{"rendered":"Holanda se clasifica al Mundial, Turqu\u00eda disputar\u00e1 la repesca"},"content":{"rendered":"<h4 class=\"subheadline\"><strong>Holanda certifica su clasificaci\u00f3n a la Copa Mundial de Qatar 2022 tras derrota 2-0 a Noruega sin espectadores en el estadio De Kuip<\/strong><\/h4>\n<p><strong>Rotterdam, Holanda<\/strong><\/p>\n<p>Despu\u00e9s de su ausencia en Rusia-2018, la tres veces subcampeona del mundo Holanda volver\u00e1 a un Mundial, el de Catar-2022, merced a su victoria ante Noruega (2-0), en R\u00f3terdam a puerta cerrada.<\/p>\n<p>La \u2018Oranje\u2019 de Louis Van Gaal cierra la llave G como l\u00edder con 23 puntos, dos m\u00e1s que Turqu\u00eda, que gan\u00f3 en Montenegro (2-1) y disputar\u00e1 la repesca, mientras los noruegos y Erling Haaland estar\u00e1n de nuevo ausentes de una cita a la que no acuden desde Francia-1998.<\/p>\n<p><strong>Vea adem\u00e1s: <\/strong><a href=\"http:\/\/www.sporthiva.com\/index.php\/2021\/11\/16\/finlandia-no-pudo-con-la-francia-de-mbappe-y-benzema\/\"><strong>Finlandia no pudo con la Francia de Mbapp\u00e9 y Benzema<\/strong><\/a><\/p>\n<p>Los locales, \u00fanicos que depend\u00edan de s\u00ed mismos antes de la d\u00e9cima y \u00faltima fecha del grupo, sufrieron sin embargo m\u00e1s de lo esperado para sellar su boleto directo, hasta que el delantero Steven Bergwijn dio la tranquilidad a su equipo con un derechazo desde dentro del \u00e1rea en el minuto 84, antes de que el jugador del FC Barcelona Memphis Depay culminase una vertiginosa contra para poner el definitivo 2-0 (90+1).<\/p>\n<p>En un estadio sin presencia de p\u00fablico a causa del aumento de los casos de covid-19, y con el t\u00e9cnico Van Gaal presenciando el choque desde un palco sentado en silla de ruedas y con constante comunicaci\u00f3n v\u00eda m\u00f3vil con el banquillo, Holanda vivi\u00f3 durante unos minutos la tensi\u00f3n de poder verse fuera si Noruega les marcaba un gol cuando Turqu\u00eda se puso por delante ante Montenegro.<\/p>\n<p>Pero sin el lesionado Haaland, Noruega careci\u00f3 de mordiente y \u2018Los Tulipanes\u2019 podr\u00e1n florecer en Catar dentro de un a\u00f1o.<\/p>\n","protected":false},"excerpt":{"rendered":"<p>Holanda certifica su clasificaci\u00f3n a la Copa Mundial de Qatar 2022 tras derrota 2-0 a Noruega sin espectadores en el estadio De Kuip Rotterdam, Holanda Despu\u00e9s de su ausencia en Rusia-2018, la tres veces subcampeona del mundo Holanda volver\u00e1 a un Mundial, el de Catar-2022, merced a su victoria ante Noruega (2-0), en R\u00f3terdam a&nbsp;<\/p>\n<p><a class=\"btn btn-style\" href=\"http:\/\/www.sporthiva.com\/index.php\/holanda-se-clasifica-al-mundial-turquia-disputara-la-repesca\/\">Continuar leyendo<\/a><\/p>\n","protected":false},"author":7,"featured_media":0,"parent":0,"menu_order":0,"comment_status":"closed","ping_status":"closed","template":"","meta":{"qubely_global_settings":"","qubely_interactions":""},"yoast_head":"<!-- This site is optimized with the Yoast SEO plugin v17.8 - https:\/\/yoast.com\/wordpress\/plugins\/seo\/ -->\n<title>Holanda se clasifica al Mundial, Turqu\u00eda disputar\u00e1 la repesca - Sporthiva Online<\/title>\n<meta name=\"robots\" content=\"index, follow, max-snippet:-1, max-image-preview:large, max-video-preview:-1\" \/>\n<link rel=\"canonical\" href=\"http:\/\/www.sporthiva.com\/index.php\/holanda-se-clasifica-al-mundial-turquia-disputara-la-repesca\/\" \/>\n<meta property=\"og:locale\" content=\"es_ES\" \/>\n<meta property=\"og:type\" content=\"article\" \/>\n<meta property=\"og:title\" content=\"Holanda se clasifica al Mundial, Turqu\u00eda disputar\u00e1 la repesca - Sporthiva Online\" \/>\n<meta property=\"og:description\" content=\"Holanda certifica su clasificaci\u00f3n a la Copa Mundial de Qatar 2022 tras derrota 2-0 a Noruega sin espectadores en el estadio De Kuip Rotterdam, Holanda Despu\u00e9s de su ausencia en Rusia-2018, la tres veces subcampeona del mundo Holanda volver\u00e1 a un Mundial, el de Catar-2022, merced a su victoria ante Noruega (2-0), en R\u00f3terdam a&nbsp;Continuar leyendo\" \/>\n<meta property=\"og:url\" content=\"http:\/\/www.sporthiva.com\/index.php\/holanda-se-clasifica-al-mundial-turquia-disputara-la-repesca\/\" \/>\n<meta property=\"og:site_name\" content=\"Sporthiva Online\" \/>\n<meta name=\"twitter:card\" content=\"summary\" \/>\n<meta name=\"twitter:label1\" content=\"Tiempo de lectura\" \/>\n\t<meta name=\"twitter:data1\" content=\"2 minutos\" \/>\n<script type=\"application\/ld+json\" class=\"yoast-schema-graph\">{\"@context\":\"https:\/\/schema.org\",\"@graph\":[{\"@type\":\"WebSite\",\"@id\":\"https:\/\/www.sporthiva.com\/#website\",\"url\":\"https:\/\/www.sporthiva.com\/\",\"name\":\"Sporthiva Online\",\"description\":\"Sporthiva Online\",\"potentialAction\":[{\"@type\":\"SearchAction\",\"target\":{\"@type\":\"EntryPoint\",\"urlTemplate\":\"https:\/\/www.sporthiva.com\/?s={search_term_string}\"},\"query-input\":\"required name=search_term_string\"}],\"inLanguage\":\"es\"},{\"@type\":\"WebPage\",\"@id\":\"http:\/\/www.sporthiva.com\/index.php\/holanda-se-clasifica-al-mundial-turquia-disputara-la-repesca\/#webpage\",\"url\":\"http:\/\/www.sporthiva.com\/index.php\/holanda-se-clasifica-al-mundial-turquia-disputara-la-repesca\/\",\"name\":\"Holanda se clasifica al Mundial, Turqu\\u00eda disputar\\u00e1 la repesca - Sporthiva Online\",\"isPartOf\":{\"@id\":\"https:\/\/www.sporthiva.com\/#website\"},\"datePublished\":\"2021-11-16T23:05:58+00:00\",\"dateModified\":\"2021-11-16T23:05:58+00:00\",\"breadcrumb\":{\"@id\":\"http:\/\/www.sporthiva.com\/index.php\/holanda-se-clasifica-al-mundial-turquia-disputara-la-repesca\/#breadcrumb\"},\"inLanguage\":\"es\",\"potentialAction\":[{\"@type\":\"ReadAction\",\"target\":[\"http:\/\/www.sporthiva.com\/index.php\/holanda-se-clasifica-al-mundial-turquia-disputara-la-repesca\/\"]}]},{\"@type\":\"BreadcrumbList\",\"@id\":\"http:\/\/www.sporthiva.com\/index.php\/holanda-se-clasifica-al-mundial-turquia-disputara-la-repesca\/#breadcrumb\",\"itemListElement\":[{\"@type\":\"ListItem\",\"position\":1,\"name\":\"Portada\",\"item\":\"https:\/\/www.sporthiva.com\/\"},{\"@type\":\"ListItem\",\"position\":2,\"name\":\"Holanda se clasifica al Mundial, Turqu\\u00eda disputar\\u00e1 la repesca\"}]}]}<\/script>\n<!-- \/ Yoast SEO plugin. -->","yoast_head_json":{"title":"Holanda se clasifica al Mundial, Turqu\u00eda disputar\u00e1 la repesca - Sporthiva Online","robots":{"index":"index","follow":"follow","max-snippet":"max-snippet:-1","max-image-preview":"max-image-preview:large","max-video-preview":"max-video-preview:-1"},"canonical":"http:\/\/www.sporthiva.com\/index.php\/holanda-se-clasifica-al-mundial-turquia-disputara-la-repesca\/","og_locale":"es_ES","og_type":"article","og_title":"Holanda se clasifica al Mundial, Turqu\u00eda disputar\u00e1 la repesca - Sporthiva Online","og_description":"Holanda certifica su clasificaci\u00f3n a la Copa Mundial de Qatar 2022 tras derrota 2-0 a Noruega sin espectadores en el estadio De Kuip Rotterdam, Holanda Despu\u00e9s de su ausencia en Rusia-2018, la tres veces subcampeona del mundo Holanda volver\u00e1 a un Mundial, el de Catar-2022, merced a su victoria ante Noruega (2-0), en R\u00f3terdam a&nbsp;Continuar leyendo","og_url":"http:\/\/www.sporthiva.com\/index.php\/holanda-se-clasifica-al-mundial-turquia-disputara-la-repesca\/","og_site_name":"Sporthiva Online","twitter_card":"summary","twitter_misc":{"Tiempo de lectura":"2 minutos"},"schema":{"@context":"https:\/\/schema.org","@graph":[{"@type":"WebSite","@id":"https:\/\/www.sporthiva.com\/#website","url":"https:\/\/www.sporthiva.com\/","name":"Sporthiva Online","description":"Sporthiva Online","potentialAction":[{"@type":"SearchAction","target":{"@type":"EntryPoint","urlTemplate":"https:\/\/www.sporthiva.com\/?s={search_term_string}"},"query-input":"required name=search_term_string"}],"inLanguage":"es"},{"@type":"WebPage","@id":"http:\/\/www.sporthiva.com\/index.php\/holanda-se-clasifica-al-mundial-turquia-disputara-la-repesca\/#webpage","url":"http:\/\/www.sporthiva.com\/index.php\/holanda-se-clasifica-al-mundial-turquia-disputara-la-repesca\/","name":"Holanda se clasifica al Mundial, Turqu\u00eda disputar\u00e1 la repesca - Sporthiva Online","isPartOf":{"@id":"https:\/\/www.sporthiva.com\/#website"},"datePublished":"2021-11-16T23:05:58+00:00","dateModified":"2021-11-16T23:05:58+00:00","breadcrumb":{"@id":"http:\/\/www.sporthiva.com\/index.php\/holanda-se-clasifica-al-mundial-turquia-disputara-la-repesca\/#breadcrumb"},"inLanguage":"es","potentialAction":[{"@type":"ReadAction","target":["http:\/\/www.sporthiva.com\/index.php\/holanda-se-clasifica-al-mundial-turquia-disputara-la-repesca\/"]}]},{"@type":"BreadcrumbList","@id":"http:\/\/www.sporthiva.com\/index.php\/holanda-se-clasifica-al-mundial-turquia-disputara-la-repesca\/#breadcrumb","itemListElement":[{"@type":"ListItem","position":1,"name":"Portada","item":"https:\/\/www.sporthiva.com\/"},{"@type":"ListItem","position":2,"name":"Holanda se clasifica al Mundial, Turqu\u00eda disputar\u00e1 la repesca"}]}]}},"_links":{"self":[{"href":"http:\/\/www.sporthiva.com\/index.php\/wp-json\/wp\/v2\/pages\/110794"}],"collection":[{"href":"http:\/\/www.sporthiva.com\/index.php\/wp-json\/wp\/v2\/pages"}],"about":[{"href":"http:\/\/www.sporthiva.com\/index.php\/wp-json\/wp\/v2\/types\/page"}],"author":[{"embeddable":true,"href":"http:\/\/www.sporthiva.com\/index.php\/wp-json\/wp\/v2\/users\/7"}],"replies":[{"embeddable":true,"href":"http:\/\/www.sporthiva.com\/index.php\/wp-json\/wp\/v2\/comments?post=110794"}],"version-history":[{"count":1,"href":"http:\/\/www.sporthiva.com\/index.php\/wp-json\/wp\/v2\/pages\/110794\/revisions"}],"predecessor-version":[{"id":110796,"href":"http:\/\/www.sporthiva.com\/index.php\/wp-json\/wp\/v2\/pages\/110794\/revisions\/110796"}],"wp:attachment":[{"href":"http:\/\/www.sporthiva.com\/index.php\/wp-json\/wp\/v2\/media?parent=110794"}],"curies":[{"name":"wp","href":"https:\/\/api.w.org\/{rel}","templated":true}]}}